{"id":10,"date":"2020-09-24T14:15:33","date_gmt":"2020-09-24T14:15:33","guid":{"rendered":"https:\/\/berakomm.de\/?page_id=10"},"modified":"2020-09-24T15:03:49","modified_gmt":"2020-09-24T15:03:49","slug":"wen-beraten-wir","status":"publish","type":"page","link":"https:\/\/www.berakomm.de\/index.php\/wen-beraten-wir\/","title":{"rendered":"Wen beraten wir?"},"content":{"rendered":"\n<ul class=\"wp-block-list\"><li>Gemeinden<\/li><li>Verwaltungsgemeinschaften<\/li><li>Zweckverb\u00e4nde<\/li><li>Bauh\u00f6fe<\/li><li>Eigenbetriebe<\/li><li>Kindertagesst\u00e4tten<\/li><\/ul>\n","protected":false},"excerpt":{"rendered":"<p>Gemeinden Verwaltungsgemeinschaften Zweckverb\u00e4nde Bauh\u00f6fe Eigenbetriebe Kindertagesst\u00e4tten<\/p>\n","protected":false},"author":1,"featured_media":48,"parent":0,"menu_order":0,"comment_status":"closed","ping_status":"closed","template":"","meta":{"footnotes":""},"class_list":["post-10","page","type-page","status-publish","has-post-thumbnail","hentry"],"_links":{"self":[{"href":"https:\/\/www.berakomm.de\/index.php\/wp-json\/wp\/v2\/pages\/10","targetHints":{"allow":["GET"]}}],"collection":[{"href":"https:\/\/www.berakomm.de\/index.php\/wp-json\/wp\/v2\/pages"}],"about":[{"href":"https:\/\/www.berakomm.de\/index.php\/wp-json\/wp\/v2\/types\/page"}],"author":[{"embeddable":true,"href":"https:\/\/www.berakomm.de\/index.php\/wp-json\/wp\/v2\/users\/1"}],"replies":[{"embeddable":true,"href":"https:\/\/www.berakomm.de\/index.php\/wp-json\/wp\/v2\/comments?post=10"}],"version-history":[{"count":2,"href":"https:\/\/www.berakomm.de\/index.php\/wp-json\/wp\/v2\/pages\/10\/revisions"}],"predecessor-version":[{"id":41,"href":"https:\/\/www.berakomm.de\/index.php\/wp-json\/wp\/v2\/pages\/10\/revisions\/41"}],"wp:featuredmedia":[{"embeddable":true,"href":"https:\/\/www.berakomm.de\/index.php\/wp-json\/wp\/v2\/media\/48"}],"wp:attachment":[{"href":"https:\/\/www.berakomm.de\/index.php\/wp-json\/wp\/v2\/media?parent=10"}],"curies":[{"name":"wp","href":"https:\/\/api.w.org\/{rel}","templated":true}]}}