{"id":16,"date":"2020-09-24T14:16:19","date_gmt":"2020-09-24T14:16:19","guid":{"rendered":"https:\/\/berakomm.de\/?page_id=16"},"modified":"2025-05-18T06:06:33","modified_gmt":"2025-05-18T06:06:33","slug":"kosten","status":"publish","type":"page","link":"https:\/\/www.berakomm.de\/index.php\/kosten\/","title":{"rendered":"Kosten"},"content":{"rendered":"\n<p><strong>Lernen wir uns kennen \u2013 ganz unverbindlich<\/strong><\/p>\n\n\n\n<p>Wir laden Sie herzlich zu einem kostenlosen und unverbindlichen Kennenlerngespr\u00e4ch ein. In diesem ersten Austausch h\u00f6ren wir genau zu, verstehen Ihre Herausforderungen und kl\u00e4ren gemeinsam, wie eine Zusammenarbeit aussehen k\u00f6nnte.<\/p>\n\n\n\n<p>Auf Basis des Gespr\u00e4chs erstellen wir Ihnen ein ma\u00dfgeschneidertes Angebot \u2013 abgestimmt auf Umfang und Zielsetzung des m\u00f6glichen Auftrags. Je nach Wunsch rechnen wir entweder stundengenau ab oder bieten eine transparente Pauschale f\u00fcr klar definierte Leistungen an.<\/p>\n\n\n\n<p>Uns ist bewusst, dass in der Regel Ihr Gremium \u00fcber einen Beratungsvertrag entscheiden muss. Deshalb gestalten wir unsere Angebote nachvollziehbar und fair \u2013 und deckeln den Vertrag auf Wunsch sowohl zeitlich als auch finanziell. So behalten Sie jederzeit die volle Kontrolle.<\/p>\n","protected":false},"excerpt":{"rendered":"<p>Lernen wir uns kennen \u2013 ganz unverbindlich Wir laden Sie herzlich zu einem kostenlosen und unverbindlichen Kennenlerngespr\u00e4ch ein. In diesem ersten Austausch h\u00f6ren wir genau zu, verstehen Ihre Herausforderungen und kl\u00e4ren gemeinsam, wie eine Zusammenarbeit aussehen k\u00f6nnte. Auf Basis des Gespr\u00e4chs erstellen wir Ihnen ein ma\u00dfgeschneidertes Angebot \u2013 abgestimmt auf Umfang und Zielsetzung des m\u00f6glichen &hellip; <\/p>\n<p class=\"link-more\"><a href=\"https:\/\/www.berakomm.de\/index.php\/kosten\/\" class=\"more-link\"><span class=\"screen-reader-text\">\u201eKosten\u201c <\/span>weiterlesen<\/a><\/p>\n","protected":false},"author":1,"featured_media":49,"parent":0,"menu_order":0,"comment_status":"closed","ping_status":"closed","template":"","meta":{"footnotes":""},"class_list":["post-16","page","type-page","status-publish","has-post-thumbnail","hentry"],"_links":{"self":[{"href":"https:\/\/www.berakomm.de\/index.php\/wp-json\/wp\/v2\/pages\/16","targetHints":{"allow":["GET"]}}],"collection":[{"href":"https:\/\/www.berakomm.de\/index.php\/wp-json\/wp\/v2\/pages"}],"about":[{"href":"https:\/\/www.berakomm.de\/index.php\/wp-json\/wp\/v2\/types\/page"}],"author":[{"embeddable":true,"href":"https:\/\/www.berakomm.de\/index.php\/wp-json\/wp\/v2\/users\/1"}],"replies":[{"embeddable":true,"href":"https:\/\/www.berakomm.de\/index.php\/wp-json\/wp\/v2\/comments?post=16"}],"version-history":[{"count":5,"href":"https:\/\/www.berakomm.de\/index.php\/wp-json\/wp\/v2\/pages\/16\/revisions"}],"predecessor-version":[{"id":135,"href":"https:\/\/www.berakomm.de\/index.php\/wp-json\/wp\/v2\/pages\/16\/revisions\/135"}],"wp:featuredmedia":[{"embeddable":true,"href":"https:\/\/www.berakomm.de\/index.php\/wp-json\/wp\/v2\/media\/49"}],"wp:attachment":[{"href":"https:\/\/www.berakomm.de\/index.php\/wp-json\/wp\/v2\/media?parent=16"}],"curies":[{"name":"wp","href":"https:\/\/api.w.org\/{rel}","templated":true}]}}